{"id":1388,"date":"2022-11-29T19:32:30","date_gmt":"2022-11-29T19:32:30","guid":{"rendered":"https:\/\/motos.bytefy.es\/?page_id=1388"},"modified":"2025-10-09T22:11:36","modified_gmt":"2025-10-09T22:11:36","slug":"politica-de-cookies","status":"publish","type":"page","link":"https:\/\/nice-ishizaka.93-95-208-88.plesk.page\/en\/politica-de-cookies\/","title":{"rendered":"Cookie Policy"},"content":{"rendered":"<div data-elementor-type=\"wp-page\" data-elementor-id=\"1388\" class=\"elementor elementor-1388\" data-elementor-post-type=\"page\">\n\t\t\t\t\t\t<section class=\"elementor-section elementor-top-section elementor-element elementor-element-a34906e elementor-section-boxed elementor-section-height-default elementor-section-height-default\" data-id=\"a34906e\" data-element_type=\"section\" data-e-type=\"section\">\n\t\t\t\t\t\t<div class=\"elementor-container elementor-column-gap-default\">\n\t\t\t\t\t<div class=\"elementor-column elementor-col-100 elementor-top-column elementor-element elementor-element-1edef05\" data-id=\"1edef05\" data-element_type=\"column\" data-e-type=\"column\">\n\t\t\t<div class=\"elementor-widget-wrap elementor-element-populated\">\n\t\t\t\t\t\t<div class=\"elementor-element elementor-element-96eb9b7 elementor-widget elementor-widget-text-editor\" data-id=\"96eb9b7\" data-element_type=\"widget\" data-e-type=\"widget\" data-widget_type=\"text-editor.default\">\n\t\t\t\t<div class=\"elementor-widget-container\">\n\t\t\t\t\t\t\t\t\t<h2>1. WHAT ARE COOKIES?<\/h2><p>A cookie is a text file that a web server can save on your computer's hard drive to store some kind of information about you as a user. Cookies are used for various purposes such as storing data for future visits, to recognize the user and avoid asking for authentication again, to know which pages you visit, or to save your preferences in customizable areas... Normally websites use cookies to obtain statistical information about their web pages, and analyze the behavior of their customers \/ users.<\/p><p>Cookies used for any of the following purposes are exempt from compliance with the obligations established in article 22.2 of the LSSI:<\/p><ul><li>Allow only communication between the user's equipment and the network.<\/li><li>Strictly to provide a service expressly requested by the user.<\/li><\/ul><p>Thus, among the exempted cookies are those whose purpose is to:<\/p><ul><li>User input\" cookies. These are cookies that are stored on your computer when you enter information on a website. For example, when filling in a web form.<\/li><li>Authentication or user identification cookies (session only). Their function is to identify a user when they enter their credentials when logging in.<\/li><li>User security cookies. These are cookies that detect security problems or risks. For example, those that detect erroneous and repeated connection attempts.<\/li><li>Multimedia player session cookies. These allow multimedia content to be played on the websites visited by the user. For example, the videos that are automatically played when you enter a website are authorised by this type of cookie.<\/li><li>Session cookies for load balancing. They connect the website's server and the user's server so that information can be transmitted between the two.<\/li><li>User interface customisation cookies. These are cookies that remember user preferences while browsing a website. For example, the language; the browser chosen; etc.<\/li><li>Certain plug-in cookies to exchange social content. These are used when the user visits social networks via a website. For example, when sharing a website article on social networks.<\/li><\/ul><p>The specific uses we make of these technologies are described in the following sections.<\/p><h2>2. TYPES OF COOKIES<\/h2><p>Cookies can be classified according to the following criteria:<\/p><p>According to <strong>who installs<\/strong> the cookie, these can be:<\/p><p><strong>Own cookies:<\/strong> These are those that are sent to the user's terminal equipment from a computer or domain managed by the publisher itself and from which the service requested by the user is provided.<\/p><p><strong>Third-party cookies:<\/strong> Cookies are those that are sent to the user's terminal equipment either from a computer or domain managed by us or by a third party, but the information collected from the cookies is managed by a third party other than the owner of the website.<\/p><p>According to its <strong>time limit<\/strong> cookies can be:<\/p><p><strong>Session cookies<\/strong>These are those that last as long as the user is browsing the website and are deleted when browsing ends.<\/p><p><strong>Persistent cookies:<\/strong> They are stored in the user's terminal for a longer period of time, making it easier to control the preferences chosen without having to repeat certain parameters each time the website is visited.<\/p><p>According to its <strong>purpose,<\/strong> cookies can be:<\/p><p><strong>Technical cookies:<\/strong> Technical cookies are those that are essential and strictly necessary for the correct functioning of a website and the use of the various options and services it offers. For example, session maintenance cookies, cookies that allow the use of security elements, sharing content with social networks, etc.<\/p><p><strong>Personalisation cookies:<\/strong> They allow the user to choose or customise features of the website such as language, regional settings or browser type.<\/p><p><strong>Analytical cookies:<\/strong> These are used by web portals to create browsing profiles and to find out user preferences in order to improve the range of products and services on offer. They make it possible to control the geographical areas of greatest interest to a user, the most popular information on the website, etc.<\/p><p><strong>Advertising\/advertising cookies:<\/strong> are those that store information on the behaviour of users obtained through the continuous observation of their browsing habits, which allows a specific profile to be developed in order to display advertising based on this.<\/p><h2>3.    COOKIES USED ON OUR WEBSITE<\/h2><p>www.feelitmotorcycles.com uses the following types of cookies on the website:<\/p><p><strong>Technical cookies<\/strong><\/p><p>They allow users to browse the Web, remember their passwords and use functionalities such as the shopping cart.<\/p><p><strong>Personalisation cookies<\/strong><\/p><p>They allow us to know the user's preferences: language, products visited..;<\/p><p><strong>Analytics cookies<\/strong><\/p><p>We use Google Analytics cookies to quantify the number of users visiting the website. These cookies allow us to measure and analyse how users browse the website. This information allows ALVARO JUAN JUAN PEREZ CRUZ-AU\u00d1ON to continuously improve its services and the experience of the users of the Website. For more information, you can consult the Google Analytics privacy page: <a href=\"https:\/\/developers.google.com\/analytics\/devguides\/collection\/analyticsjs\/cookie-usage\">https:\/\/developers.google.com\/analytics\/devguides\/collection\/analyticsjs\/cookie-usage<\/a><\/p><p><strong>\u00a0<\/strong><\/p><p><strong>The cookies used on our website installed by third party domains are the following:<\/strong><\/p><table width=\"100%\"><thead><tr><td width=\"157\">Cookie name<\/td><td width=\"178\">Purpose<\/td><td width=\"74\">Own\/ third party<\/td><td width=\"83\">Duration<\/td><td width=\"148\">When is it installed?<\/td><\/tr><tr><td width=\"157\">PHPSESSID<\/td><td width=\"178\">\u00a0Technique - session management<\/td><td width=\"74\">Own<\/td><td width=\"83\">In session<\/td><td width=\"148\">\u00a0When accessing the website<\/td><\/tr><tr><td width=\"157\">cmplz_banner-status<\/td><td width=\"178\">Technical - saves banner status<\/td><td width=\"74\">Own<\/td><td width=\"83\">1 year<\/td><td width=\"148\">When cookies are accepted<\/td><\/tr><tr><td width=\"157\">cmplz_policy_id<\/td><td width=\"178\">Technical - identifies active policy<\/td><td width=\"74\">Own<\/td><td width=\"83\">1 year<\/td><td width=\"148\">When cookies are accepted<\/td><\/tr><tr><td width=\"157\">cmplz_preferences<\/td><td width=\"178\">Personalisation - user preferences<\/td><td width=\"74\">Own<\/td><td width=\"83\">1 year<\/td><td width=\"148\">When cookies are accepted<\/td><\/tr><tr><td width=\"157\">cmplz_statistics<\/td><td width=\"178\">Statistics - consent<\/td><td width=\"74\">Own<\/td><td width=\"83\">1 year<\/td><td width=\"148\">When cookies are accepted<\/td><\/tr><tr><td width=\"157\">cmplz_functional<\/td><td width=\"178\">Technical - enables essential functionalities<\/td><td width=\"74\">Own<\/td><td width=\"83\">1 year<\/td><td width=\"148\">When cookies are accepted<\/td><\/tr><tr><td width=\"157\">cmplz_marketing<\/td><td width=\"178\">Advertising - consent for marketing<\/td><td width=\"74\">Own<\/td><td width=\"83\">1 year<\/td><td width=\"148\">When cookies are accepted<\/td><\/tr><tr><td width=\"157\">cmplz_consented_services<\/td><td width=\"178\">Technical - monitors accepted services<\/td><td width=\"74\">Own<\/td><td width=\"83\">1 year<\/td><td width=\"148\">When cookies are accepted<\/td><\/tr><tr><td width=\"157\">_gcl_au<\/td><td width=\"178\">Advertising - tracking and conversions (Google Ads)<\/td><td width=\"74\">Own<\/td><td width=\"83\">3 months<\/td><td width=\"148\">When cookies are accepted<\/td><\/tr><tr><td width=\"157\">vrcTFP<\/td><td width=\"178\">Technical - possible authentication or session control<\/td><td width=\"74\">Own<\/td><td width=\"83\">1 year<\/td><td width=\"148\">When cookies are accepted<\/td><\/tr><\/thead><\/table><p>This website, like most websites, includes functionality provided by third parties.<\/p><p>Our website is a live website and may include new designs or services from third parties. This may occasionally change the cookie settings and may result in the appearance of cookies that are not detailed in detail in this policy.<\/p><p><strong>Third-party cookies used on our website installed by third-party domains are as follows:<\/strong><\/p><table width=\"100%\"><thead><tr><td width=\"139\">Holder<\/td><td width=\"159\">Name<\/td><td width=\"64\">When is it installed?<\/td><td width=\"111\">Description<\/td><td width=\"84\">Duration<\/td><td width=\"82\">Further information<\/td><\/tr><tr><td width=\"139\">YouTube<\/td><td width=\"159\">\u00a0__Secure-ROLLOUT_TOKEN<\/td><td width=\"64\">\u00a0When cookies are accepted<\/td><td width=\"111\">\u00a0Technical - video security<\/td><td width=\"84\">6 months<\/td><td width=\"82\">\u00a0<\/td><\/tr><tr><td width=\"139\">YouTube<\/td><td width=\"159\">VISITOR_INFO1_LIVE<\/td><td width=\"64\">\u00a0When cookies are accepted<\/td><td width=\"111\">Advertising - profiling<\/td><td width=\"84\">6 months<\/td><td width=\"82\">\u00a0<\/td><\/tr><tr><td width=\"139\">YouTube<\/td><td width=\"159\">YSC<\/td><td width=\"64\">\u00a0When cookies are accepted<\/td><td width=\"111\">Advertising - monitoring<\/td><td width=\"84\">In session<\/td><td width=\"82\">\u00a0<\/td><\/tr><tr><td width=\"139\">YouTube<\/td><td width=\"159\">VISITOR_PRIVACY_METADATA<\/td><td width=\"64\">\u00a0When cookies are accepted<\/td><td width=\"111\">Technical - privacy settings<\/td><td width=\"84\">6 months<\/td><td width=\"82\">\u00a0<\/td><\/tr><\/thead><\/table><p>\u00a0<\/p><p>Our site does not control the cookies used by these third parties. For more information about cookies from social networks or other external websites, we advise you to check their own cookie policies.<\/p><h2>4.    INFORMATION AND OBTAINING CONSENT FOR INSTALLATION<\/h2><p>www.feelitmotorcycles.com has endeavoured to put in place appropriate mechanisms for obtaining the user's consent to cookies, tracking pixels and web beacons, which are not strictly necessary. This includes analytics or measurement tracking devices, which will not be installed unless expressly accepted by the user.<\/p><p>Upon accessing our website, a pop-up appears informing you of all the details about cookies and other tracking devices; offering granular acceptance of these.<\/p><p>Users do not have to give consent each time they visit the site. We will retain your consent and tracking device preferences for a maximum period of 24 months. Before that time, we will ask you to renew your consent to cookies and other tracking devices.<\/p><h2>5. HOW CAN I PREVENT THE INSTALLATION OF COOKIES?<\/h2><p>The user can reject the installation of all cookies and other tracking devices, according to their preferences, except those that they expressly authorise or those that have a technical profile and must be installed to guarantee the correct functioning of the website, indicating those that they wish to install or reject in the pop-up or cookie acceptance window that appears when entering the home page. However, there are other ways to prevent cookies or other tracking devices from being installed on your computer, as indicated below.<\/p><p>Users can configure their browser to accept, or not, the cookies they receive or for the browser to warn them when a server wants to save a cookie. If some technical cookies are disabled, the correct functioning of some of the utilities of the website is not guaranteed.<\/p><p>The user may exclude cookies from being stored on their terminal. <em>\"analytics and advertising\".<\/em> of Google Analytics by means of the <a href=\"https:\/\/tools.google.com\/dlpage\/gaoptout\">opt-out systems provided by Google Analytics.<\/a><\/p><p>Below are also some examples of how to disable cookies:<\/p><ul><li><strong>Through the configuration of the browser itself:<\/strong><\/li><li>Internet Explorer: <a href=\"http:\/\/windows.microsoft.com\/es-es\/windows-vista\/block-or-allow-cookies\">http:\/\/windows.microsoft.com\/es-es\/windows-vista\/block-or-allow-cookies<\/a><\/li><li>Firefox: <a href=\"https:\/\/support.mozilla.org\/es\/kb\/Borrar%20cookies\">https:\/\/support.mozilla.org\/es\/kb\/Borrar%20cookies<\/a><\/li><li>Safari: <a href=\"http:\/\/support.apple.com\/kb\/HT1677?viewlocale=es_ES\">http:\/\/support.apple.com\/kb\/HT1677?viewlocale=es_ES<\/a>.<\/li><li>Chrome: <a href=\"https:\/\/support.google.com\/accounts\/answer\/61416?hl=es\">https:\/\/support.google.com\/accounts\/answer\/61416?hl=es<\/a>.<\/li><li>Opera: <a href=\"http:\/\/help.opera.com\/Windows\/11.50\/es-ES\/cookies.html\">http:\/\/help.opera.com\/Windows\/11.50\/es-ES\/cookies.html<\/a><\/li><\/ul><p>For more information, see the Spanish Data Protection Agency's page on how to configure privacy settings on social networks, browsers and mobile operating systems. <a href=\"http:\/\/www.agpd.es\/portalwebAGPD\/CanalDelCiudadano\/protegetuprivacidad\/index-ides-idphp.php\">More information.<\/a><\/p><ul><li><strong>Through third-party tools:<\/strong><\/li><\/ul><p>There are third-party tools, available online, that allow users to detect cookies on each website they visit and manage their deactivation, for example:<\/p><p><a href=\"http:\/\/www.ghostery.com\/\">http:\/\/www.ghostery.com<\/a><\/p><p><a href=\"http:\/\/www.youronlinechoices.com\/es\/\">http:\/\/www.youronlinechoices.com\/es\/<\/a><\/p><p>In any case, the user can allow or block cookies, as well as delete their browsing data (including cookies) from the browser they use. Consult the options and instructions provided by your browser for this purpose. Please note that if you accept third-party cookies, you must delete them from your browser options.<\/p><h2>6.     LINKS TO OTHER WEBSITES<\/h2><p>If you choose to leave our website via links to other websites not owned by us, we are not responsible for the privacy policies of those websites or the cookies they may store on your computer.<\/p><h2>7. HOW DO WE COLLECT AND USE IP ADDRESSES?<\/h2><p>Web servers will be able to automatically detect the IP address and domain name used by users.<\/p><p>An IP address is a number automatically assigned to a computer when it connects to the Internet. This information allows the subsequent processing of the data in order to know if you have given your consent to the installation of cookies, to carry out statistical measurements that allow us to know the number of visits made to the website, the order of visits, the access point, etc.<\/p><h2>8.     INTERNATIONAL TRANSFER OF DATA<\/h2><p>Cookies and other tracking devices installed in our web domain are installed on our server and the data collected in them are not subject to international data transfers.<\/p><p>Third-party cookies installed on our website by third-party domains may be subject to international data transfer. For more information on the possible international transfer of data that these cookies may involve, we recommend you click on the section <em>\"more information\"<\/em> of the cookie they want to consult.<\/p><p>You can find out about any transfers that may be made by the third parties identified in this Cookie Policy in their corresponding policies (see the following link): <a href=\"https:\/\/policies.google.com\/technologies\/cookies?hl=es\">https:\/\/policies.google.com\/technologies\/cookies?hl=es<\/a>)<\/p><h2>9.    UPDATING OUR COOKIE POLICY<\/h2><p>This policy is periodically reviewed to ensure that it is current and may be changed. We recommend that you visit the site regularly and we will inform you of any updates to this policy.<\/p><p>\u00a0<\/p><p><strong>Date: 25\/06\/2025<\/strong><\/p><p><strong>Version: V.2.0<\/strong><\/p>\t\t\t\t\t\t\t\t<\/div>\n\t\t\t\t<\/div>\n\t\t\t\t\t<\/div>\n\t\t<\/div>\n\t\t\t\t\t<\/div>\n\t\t<\/section>\n\t\t\t\t<\/div>","protected":false},"excerpt":{"rendered":"<p>1.\u00a0 \u00bfQU\u00c9 SON LAS COOKIES? Una cookie es un archivo de texto que un servidor web puede guardar en el disco duro de tu equipo para almacenar alg\u00fan tipo de informaci\u00f3n sobre ti como usuario. Las cookies se utilizan con diversas finalidades tales como almacenar datos para pr\u00f3ximas visitas, para reconocer al usuario y evitar [&hellip;]<\/p>\n","protected":false},"author":12,"featured_media":0,"parent":0,"menu_order":0,"comment_status":"closed","ping_status":"closed","template":"","meta":{"_joinchat":[],"footnotes":""},"class_list":["post-1388","page","type-page","status-publish","hentry"],"yoast_head":"<!-- This site is optimized with the Yoast SEO plugin v27.4 - https:\/\/yoast.com\/product\/yoast-seo-wordpress\/ -->\n<title>Pol\u00edtica de Cookies - Feel It<\/title>\n<meta name=\"robots\" content=\"index, follow, max-snippet:-1, max-image-preview:large, max-video-preview:-1\" \/>\n<link rel=\"canonical\" href=\"https:\/\/nice-ishizaka.93-95-208-88.plesk.page\/en\/politica-de-cookies\/\" \/>\n<meta property=\"og:locale\" content=\"en_GB\" \/>\n<meta property=\"og:type\" content=\"article\" \/>\n<meta property=\"og:title\" content=\"Pol\u00edtica de Cookies - Feel It\" \/>\n<meta property=\"og:description\" content=\"1.\u00a0 \u00bfQU\u00c9 SON LAS COOKIES? Una cookie es un archivo de texto que un servidor web puede guardar en el disco duro de tu equipo para almacenar alg\u00fan tipo de informaci\u00f3n sobre ti como usuario. Las cookies se utilizan con diversas finalidades tales como almacenar datos para pr\u00f3ximas visitas, para reconocer al usuario y evitar [&hellip;]\" \/>\n<meta property=\"og:url\" content=\"https:\/\/nice-ishizaka.93-95-208-88.plesk.page\/en\/politica-de-cookies\/\" \/>\n<meta property=\"og:site_name\" content=\"Feel It\" \/>\n<meta property=\"article:publisher\" content=\"https:\/\/www.facebook.com\/people\/Feel-it-Canary-Islands-Motorcycles\/\" \/>\n<meta property=\"article:modified_time\" content=\"2025-10-09T22:11:36+00:00\" \/>\n<meta name=\"twitter:card\" content=\"summary_large_image\" \/>\n<meta name=\"twitter:label1\" content=\"Estimated reading time\" \/>\n\t<meta name=\"twitter:data1\" content=\"9 minutes\" \/>\n<script type=\"application\/ld+json\" class=\"yoast-schema-graph\">{\"@context\":\"https:\\\/\\\/schema.org\",\"@graph\":[{\"@type\":\"WebPage\",\"@id\":\"https:\\\/\\\/nice-ishizaka.93-95-208-88.plesk.page\\\/politica-de-cookies\\\/\",\"url\":\"https:\\\/\\\/nice-ishizaka.93-95-208-88.plesk.page\\\/politica-de-cookies\\\/\",\"name\":\"Pol\u00edtica de Cookies - Feel It\",\"isPartOf\":{\"@id\":\"https:\\\/\\\/nice-ishizaka.93-95-208-88.plesk.page\\\/#website\"},\"datePublished\":\"2022-11-29T19:32:30+00:00\",\"dateModified\":\"2025-10-09T22:11:36+00:00\",\"breadcrumb\":{\"@id\":\"https:\\\/\\\/nice-ishizaka.93-95-208-88.plesk.page\\\/politica-de-cookies\\\/#breadcrumb\"},\"inLanguage\":\"en-GB\",\"potentialAction\":[{\"@type\":\"ReadAction\",\"target\":[\"https:\\\/\\\/nice-ishizaka.93-95-208-88.plesk.page\\\/politica-de-cookies\\\/\"]}]},{\"@type\":\"BreadcrumbList\",\"@id\":\"https:\\\/\\\/nice-ishizaka.93-95-208-88.plesk.page\\\/politica-de-cookies\\\/#breadcrumb\",\"itemListElement\":[{\"@type\":\"ListItem\",\"position\":1,\"name\":\"Portada\",\"item\":\"https:\\\/\\\/nice-ishizaka.93-95-208-88.plesk.page\\\/\"},{\"@type\":\"ListItem\",\"position\":2,\"name\":\"Pol\u00edtica de Cookies\"}]},{\"@type\":\"WebSite\",\"@id\":\"https:\\\/\\\/nice-ishizaka.93-95-208-88.plesk.page\\\/#website\",\"url\":\"https:\\\/\\\/nice-ishizaka.93-95-208-88.plesk.page\\\/\",\"name\":\"Feelit Motorcycles\",\"description\":\"Canary Islands Motorcycles\",\"publisher\":{\"@id\":\"https:\\\/\\\/nice-ishizaka.93-95-208-88.plesk.page\\\/#organization\"},\"potentialAction\":[{\"@type\":\"SearchAction\",\"target\":{\"@type\":\"EntryPoint\",\"urlTemplate\":\"https:\\\/\\\/nice-ishizaka.93-95-208-88.plesk.page\\\/?s={search_term_string}\"},\"query-input\":{\"@type\":\"PropertyValueSpecification\",\"valueRequired\":true,\"valueName\":\"search_term_string\"}}],\"inLanguage\":\"en-GB\"},{\"@type\":\"Organization\",\"@id\":\"https:\\\/\\\/nice-ishizaka.93-95-208-88.plesk.page\\\/#organization\",\"name\":\"Feelit Motorcycles\",\"url\":\"https:\\\/\\\/nice-ishizaka.93-95-208-88.plesk.page\\\/\",\"logo\":{\"@type\":\"ImageObject\",\"inLanguage\":\"en-GB\",\"@id\":\"https:\\\/\\\/nice-ishizaka.93-95-208-88.plesk.page\\\/#\\\/schema\\\/logo\\\/image\\\/\",\"url\":\"https:\\\/\\\/nice-ishizaka.93-95-208-88.plesk.page\\\/wp-content\\\/uploads\\\/2023\\\/03\\\/cropped-favicon.png\",\"contentUrl\":\"https:\\\/\\\/nice-ishizaka.93-95-208-88.plesk.page\\\/wp-content\\\/uploads\\\/2023\\\/03\\\/cropped-favicon.png\",\"width\":512,\"height\":512,\"caption\":\"Feelit Motorcycles\"},\"image\":{\"@id\":\"https:\\\/\\\/nice-ishizaka.93-95-208-88.plesk.page\\\/#\\\/schema\\\/logo\\\/image\\\/\"},\"sameAs\":[\"https:\\\/\\\/www.facebook.com\\\/people\\\/Feel-it-Canary-Islands-Motorcycles\\\/\",\"https:\\\/\\\/www.instagram.com\\\/feelit.motorcycles\\\/\"]}]}<\/script>\n<!-- \/ Yoast SEO plugin. -->","yoast_head_json":{"title":"Pol\u00edtica de Cookies - Feel It","robots":{"index":"index","follow":"follow","max-snippet":"max-snippet:-1","max-image-preview":"max-image-preview:large","max-video-preview":"max-video-preview:-1"},"canonical":"https:\/\/nice-ishizaka.93-95-208-88.plesk.page\/en\/politica-de-cookies\/","og_locale":"en_GB","og_type":"article","og_title":"Pol\u00edtica de Cookies - Feel It","og_description":"1.\u00a0 \u00bfQU\u00c9 SON LAS COOKIES? Una cookie es un archivo de texto que un servidor web puede guardar en el disco duro de tu equipo para almacenar alg\u00fan tipo de informaci\u00f3n sobre ti como usuario. Las cookies se utilizan con diversas finalidades tales como almacenar datos para pr\u00f3ximas visitas, para reconocer al usuario y evitar [&hellip;]","og_url":"https:\/\/nice-ishizaka.93-95-208-88.plesk.page\/en\/politica-de-cookies\/","og_site_name":"Feel It","article_publisher":"https:\/\/www.facebook.com\/people\/Feel-it-Canary-Islands-Motorcycles\/","article_modified_time":"2025-10-09T22:11:36+00:00","twitter_card":"summary_large_image","twitter_misc":{"Estimated reading time":"9 minutes"},"schema":{"@context":"https:\/\/schema.org","@graph":[{"@type":"WebPage","@id":"https:\/\/nice-ishizaka.93-95-208-88.plesk.page\/politica-de-cookies\/","url":"https:\/\/nice-ishizaka.93-95-208-88.plesk.page\/politica-de-cookies\/","name":"Pol\u00edtica de Cookies - Feel It","isPartOf":{"@id":"https:\/\/nice-ishizaka.93-95-208-88.plesk.page\/#website"},"datePublished":"2022-11-29T19:32:30+00:00","dateModified":"2025-10-09T22:11:36+00:00","breadcrumb":{"@id":"https:\/\/nice-ishizaka.93-95-208-88.plesk.page\/politica-de-cookies\/#breadcrumb"},"inLanguage":"en-GB","potentialAction":[{"@type":"ReadAction","target":["https:\/\/nice-ishizaka.93-95-208-88.plesk.page\/politica-de-cookies\/"]}]},{"@type":"BreadcrumbList","@id":"https:\/\/nice-ishizaka.93-95-208-88.plesk.page\/politica-de-cookies\/#breadcrumb","itemListElement":[{"@type":"ListItem","position":1,"name":"Portada","item":"https:\/\/nice-ishizaka.93-95-208-88.plesk.page\/"},{"@type":"ListItem","position":2,"name":"Pol\u00edtica de Cookies"}]},{"@type":"WebSite","@id":"https:\/\/nice-ishizaka.93-95-208-88.plesk.page\/#website","url":"https:\/\/nice-ishizaka.93-95-208-88.plesk.page\/","name":"Feelit Motorcycles","description":"Canary Islands Motorcycles","publisher":{"@id":"https:\/\/nice-ishizaka.93-95-208-88.plesk.page\/#organization"},"potentialAction":[{"@type":"SearchAction","target":{"@type":"EntryPoint","urlTemplate":"https:\/\/nice-ishizaka.93-95-208-88.plesk.page\/?s={search_term_string}"},"query-input":{"@type":"PropertyValueSpecification","valueRequired":true,"valueName":"search_term_string"}}],"inLanguage":"en-GB"},{"@type":"Organization","@id":"https:\/\/nice-ishizaka.93-95-208-88.plesk.page\/#organization","name":"Feelit Motorcycles","url":"https:\/\/nice-ishizaka.93-95-208-88.plesk.page\/","logo":{"@type":"ImageObject","inLanguage":"en-GB","@id":"https:\/\/nice-ishizaka.93-95-208-88.plesk.page\/#\/schema\/logo\/image\/","url":"https:\/\/nice-ishizaka.93-95-208-88.plesk.page\/wp-content\/uploads\/2023\/03\/cropped-favicon.png","contentUrl":"https:\/\/nice-ishizaka.93-95-208-88.plesk.page\/wp-content\/uploads\/2023\/03\/cropped-favicon.png","width":512,"height":512,"caption":"Feelit Motorcycles"},"image":{"@id":"https:\/\/nice-ishizaka.93-95-208-88.plesk.page\/#\/schema\/logo\/image\/"},"sameAs":["https:\/\/www.facebook.com\/people\/Feel-it-Canary-Islands-Motorcycles\/","https:\/\/www.instagram.com\/feelit.motorcycles\/"]}]}},"_links":{"self":[{"href":"https:\/\/nice-ishizaka.93-95-208-88.plesk.page\/en\/wp-json\/wp\/v2\/pages\/1388","targetHints":{"allow":["GET"]}}],"collection":[{"href":"https:\/\/nice-ishizaka.93-95-208-88.plesk.page\/en\/wp-json\/wp\/v2\/pages"}],"about":[{"href":"https:\/\/nice-ishizaka.93-95-208-88.plesk.page\/en\/wp-json\/wp\/v2\/types\/page"}],"author":[{"embeddable":true,"href":"https:\/\/nice-ishizaka.93-95-208-88.plesk.page\/en\/wp-json\/wp\/v2\/users\/12"}],"replies":[{"embeddable":true,"href":"https:\/\/nice-ishizaka.93-95-208-88.plesk.page\/en\/wp-json\/wp\/v2\/comments?post=1388"}],"version-history":[{"count":3,"href":"https:\/\/nice-ishizaka.93-95-208-88.plesk.page\/en\/wp-json\/wp\/v2\/pages\/1388\/revisions"}],"predecessor-version":[{"id":4005,"href":"https:\/\/nice-ishizaka.93-95-208-88.plesk.page\/en\/wp-json\/wp\/v2\/pages\/1388\/revisions\/4005"}],"wp:attachment":[{"href":"https:\/\/nice-ishizaka.93-95-208-88.plesk.page\/en\/wp-json\/wp\/v2\/media?parent=1388"}],"curies":[{"name":"wp","href":"https:\/\/api.w.org\/{rel}","templated":true}]}}