{"id":414,"date":"2022-11-02T10:59:49","date_gmt":"2022-11-02T10:59:49","guid":{"rendered":"https:\/\/motos.bytefy.es\/?page_id=414"},"modified":"2025-03-03T16:59:17","modified_gmt":"2025-03-03T16:59:17","slug":"reservar-tour","status":"publish","type":"page","link":"https:\/\/nice-ishizaka.93-95-208-88.plesk.page\/en\/reservar-tour\/","title":{"rendered":"Formulario tours"},"content":{"rendered":"\t\t<div data-elementor-type=\"wp-page\" data-elementor-id=\"414\" class=\"elementor elementor-414\" data-elementor-post-type=\"page\">\n\t\t\t\t\t\t<section class=\"elementor-section elementor-top-section elementor-element elementor-element-2dc0fd2 elementor-section-boxed elementor-section-height-default elementor-section-height-default\" data-id=\"2dc0fd2\" data-element_type=\"section\" data-e-type=\"section\">\n\t\t\t\t\t\t<div class=\"elementor-container elementor-column-gap-custom\">\n\t\t\t\t\t<div class=\"elementor-column elementor-col-100 elementor-top-column elementor-element elementor-element-5a6f8f6\" data-id=\"5a6f8f6\" data-element_type=\"column\" data-e-type=\"column\">\n\t\t\t<div class=\"elementor-widget-wrap elementor-element-populated\">\n\t\t\t\t\t\t<div class=\"elementor-element elementor-element-32295d2 elementor-widget elementor-widget-image\" data-id=\"32295d2\" data-element_type=\"widget\" data-e-type=\"widget\" data-widget_type=\"image.default\">\n\t\t\t\t<div class=\"elementor-widget-container\">\n\t\t\t\t\t\t\t\t\t\t\t\t\t\t\t<img fetchpriority=\"high\" decoding=\"async\" width=\"527\" height=\"180\" src=\"https:\/\/nice-ishizaka.93-95-208-88.plesk.page\/wp-content\/uploads\/2022\/10\/Feel-the-tour.png\" class=\"attachment-large size-large wp-image-210\" alt=\"\" srcset=\"https:\/\/nice-ishizaka.93-95-208-88.plesk.page\/wp-content\/uploads\/2022\/10\/Feel-the-tour.png 527w, https:\/\/nice-ishizaka.93-95-208-88.plesk.page\/wp-content\/uploads\/2022\/10\/Feel-the-tour-300x102.png 300w\" sizes=\"(max-width: 527px) 100vw, 527px\" \/>\t\t\t\t\t\t\t\t\t\t\t\t\t\t\t<\/div>\n\t\t\t\t<\/div>\n\t\t\t\t\t<\/div>\n\t\t<\/div>\n\t\t\t\t\t<\/div>\n\t\t<\/section>\n\t\t\t\t<section class=\"elementor-section elementor-top-section elementor-element elementor-element-1484b86 elementor-section-boxed elementor-section-height-default elementor-section-height-default\" data-id=\"1484b86\" data-element_type=\"section\" data-e-type=\"section\">\n\t\t\t\t\t\t<div class=\"elementor-container elementor-column-gap-default\">\n\t\t\t\t\t<div class=\"elementor-column elementor-col-100 elementor-top-column elementor-element elementor-element-4f33438\" data-id=\"4f33438\" data-element_type=\"column\" data-e-type=\"column\" data-settings=\"{&quot;background_background&quot;:&quot;classic&quot;}\">\n\t\t\t<div class=\"elementor-widget-wrap elementor-element-populated\">\n\t\t\t\t\t\t<div class=\"elementor-element elementor-element-852c62a elementor-widget elementor-widget-html\" data-id=\"852c62a\" data-element_type=\"widget\" data-e-type=\"widget\" data-widget_type=\"html.default\">\n\t\t\t\t<div class=\"elementor-widget-container\">\n\t\t\t\t\t<script>\n    \n    var getUrlParameter = function getUrlParameter(sParam) {\n    var sPageURL = window.location.search.substring(1),\n        sURLVariables = sPageURL.split('&'),\n        sParameterName,\n        i;\n\n    for (i = 0; i < sURLVariables.length; i++) {\n        sParameterName = sURLVariables[i].split('=');\n\n        if (sParameterName[0] === sParam) {\n            return sParameterName[1] === undefined ? true : decodeURIComponent(sParameterName[1]);\n        }\n    }\n    return false;\n};\n\nvar tour = getUrlParameter('tour');\nconsole.log(tour);\n\nvar div = document.getElementById('my_tour');\n\ndiv.innerHTML += tour;\n<\/script>\n\n\t\t\t\t<\/div>\n\t\t\t\t<\/div>\n\t\t\t\t<div class=\"elementor-element elementor-element-aac4021 elementor-widget elementor-widget-heading\" data-id=\"aac4021\" data-element_type=\"widget\" data-e-type=\"widget\" data-widget_type=\"heading.default\">\n\t\t\t\t<div class=\"elementor-widget-container\">\n\t\t\t\t\t<h1 class=\"elementor-heading-title elementor-size-default\"><div id=\"my_tour\"> Formulario de reserva para Tour<\/div><\/h1>\t\t\t\t<\/div>\n\t\t\t\t<\/div>\n\t\t\t\t<div class=\"elementor-element elementor-element-fbd8f23 elementor-widget elementor-widget-jet-engine-booking-form\" data-id=\"fbd8f23\" data-element_type=\"widget\" data-e-type=\"widget\" data-widget_type=\"jet-engine-booking-form.default\">\n\t\t\t\t<div class=\"elementor-widget-container\">\n\t\t\t\t\t<form  class=\"jet-form layout-column submit-type-ajax\" action=\"\/en\/wp-json\/wp\/v2\/pages\/414?jet_engine_action=book&nocache=1776436472\" method=\"POST\" data-form-id=\"2505\"><input class=\"jet-form__field hidden-field\" type=\"hidden\" name=\"_jet_engine_booking_form_id\" value=\"2505\" data-field-name=\"_jet_engine_booking_form_id\"><input class=\"jet-form__field hidden-field\" type=\"hidden\" name=\"_jet_engine_refer\" value=\"https:\/\/nice-ishizaka.93-95-208-88.plesk.page\/en\/wp-json\/wp\/v2\/pages\/414\" data-field-name=\"_jet_engine_refer\"><div  class=\"jet-form-row jet-form-row--first-visible\"><div class=\"jet-form-col jet-form-col-12  field-type-select  jet-form-field-container\" data-field=\"tour_seleccionado\" data-conditional=\"false\"><div class=\"jet-form__label\">\n\t<span class=\"jet-form__label-text\" >Selecciona Tour<span class=\"jet-form__required\">*<\/span><\/span>\n\t<\/div><select  required=\"required\" name=\"tour_seleccionado\" data-field-name=\"tour_seleccionado\" id=\"tour_seleccionado\" class=\"jet-form__field select-field\"><option value=\"ATLANTIC SUR\" >ATLANTIC SUR<\/option><option value=\"CRUISE\" >CRUISE<\/option><option value=\"OFF ROAD\" >OFF ROAD<\/option><option value=\"ATLANTIC NORTE\" >ATLANTIC NORTE<\/option><option value=\"EL HIERRO\" >EL HIERRO<\/option><option value=\"LA PALMA\" >LA PALMA<\/option><option value=\"LA GOMERA\" >LA GOMERA<\/option><option value=\"CULTURE\" >CULTURE<\/option><option value=\"MAGIC\" >MAGIC<\/option><option value=\"VOLCANO SUR\" >VOLCANO SUR<\/option><option value=\"VOLCANO NORTE\" >VOLCANO NORTE<\/option><\/select><\/div><\/div><div  class=\"jet-form-row\"><div class=\"jet-form-col jet-form-col-6  field-type-text  jet-form-field-container\" data-field=\"Nombre\" data-conditional=\"false\"><div class=\"jet-form__label\">\n\t<span class=\"jet-form__label-text\" >Nombre<span class=\"jet-form__required\">*<\/span><\/span>\n\t<\/div><input class=\"jet-form__field text-field \" value=\"\" required=\"required\" name=\"Nombre\" id=\"Nombre\" type=\"text\" data-field-name=\"Nombre\"><\/div><div class=\"jet-form-col jet-form-col-6  field-type-text  jet-form-field-container\" data-field=\"email\" data-conditional=\"false\"><div class=\"jet-form__label\">\n\t<span class=\"jet-form__label-text\" >Email<span class=\"jet-form__required\">*<\/span><\/span>\n\t<\/div><input class=\"jet-form__field text-field \" value=\"\" required=\"required\" name=\"email\" id=\"email\" type=\"email\" data-field-name=\"email\"><\/div><\/div><div  class=\"jet-form-row\"><div class=\"jet-form-col jet-form-col-6  field-type-text  jet-form-field-container\" data-field=\"telefono\" data-conditional=\"false\"><div class=\"jet-form__label\">\n\t<span class=\"jet-form__label-text\" >Tel\u00e9fono<span class=\"jet-form__required\">*<\/span><\/span>\n\t<\/div><input class=\"jet-form__field text-field \" value=\"\" required=\"required\" name=\"telefono\" id=\"telefono\" type=\"text\" data-field-name=\"telefono\"><\/div><div class=\"jet-form-col jet-form-col-6  field-type-text  jet-form-field-container\" data-field=\"direccion_hotel\" data-conditional=\"false\"><div class=\"jet-form__label\">\n\t<span class=\"jet-form__label-text\" >Direcci\u00f3n de hotel<span class=\"jet-form__required\">*<\/span><\/span>\n\t<\/div><input class=\"jet-form__field text-field \" value=\"\" required=\"required\" name=\"direccion_hotel\" id=\"direccion_hotel\" type=\"text\" data-field-name=\"direccion_hotel\"><\/div><\/div><div  class=\"jet-form-row\"><div class=\"jet-form-col jet-form-col-6  field-type-date  jet-form-field-container\" data-field=\"fecha_nacimiento\" data-conditional=\"false\"><div class=\"jet-form__label\">\n\t<span class=\"jet-form__label-text\" >Fecha de nacimiento<span class=\"jet-form__required\">*<\/span><\/span>\n\t<\/div><input class=\"jet-form__field date-field\" value=\"\" required=\"required\" name=\"fecha_nacimiento\" type=\"date\" data-field-name=\"fecha_nacimiento\" id=\"fecha_nacimiento\"><\/div><div class=\"jet-form-col jet-form-col-6  field-type-date  jet-form-field-container\" data-field=\"fecha_reserva\" data-conditional=\"false\"><div class=\"jet-form__label\">\n\t<span class=\"jet-form__label-text\" >Booking Date<span class=\"jet-form__required\">*<\/span><\/span>\n\t<\/div><input class=\"jet-form__field date-field\" value=\"\" required=\"required\" name=\"fecha_reserva\" type=\"date\" data-field-name=\"fecha_reserva\" id=\"fecha_reserva\"><small class=\"jet-form__desc\"><span class=\"jet-form__desc-text\">Fecha de reserva<\/span><\/small><\/div><\/div><div  class=\"jet-form-row\"><div class=\"jet-form-col jet-form-col-6  field-type-number  jet-form-field-container\" data-field=\"N\u00ba Personas\" data-conditional=\"false\"><div class=\"jet-form__label\">\n\t<span class=\"jet-form__label-text\" >N\u00famero de personas<span class=\"jet-form__required\">*<\/span><\/span>\n\t<\/div><input type=\"number\" class=\"jet-form__field text-field\" value=\"\" required=\"required\" min=\"1\" max=\"4\" step=\"1\" name=\"N\u00ba Personas\" data-field-name=\"N\u00ba Personas\" id=\"N\u00ba Personas\"><\/div><\/div><div  class=\"jet-form-row jet-form-row--submit\"><div class=\"jet-form-col jet-form-col-12  field-type-submit Solicitar reserva jet-form-field-container\" data-field=\"submit\" data-conditional=\"false\"><div class=\"jet-form__submit-wrap\">\n\t\t<button class=\"jet-form__submit submit-type-ajax Solicitar reserva\" type=\"button\">Request reservation<\/button>\n<\/div><\/div><\/div><input class=\"jet-form__field hidden-field\" type=\"hidden\" name=\"_jet_engine_nonce\" value=\"3e183067a5\" data-field-name=\"_jet_engine_nonce\"><\/form><div class=\"jet-form-messages-wrap\" data-form-id=\"2505\"><\/div>\t\t\t\t<\/div>\n\t\t\t\t<\/div>\n\t\t\t\t\t<\/div>\n\t\t<\/div>\n\t\t\t\t\t<\/div>\n\t\t<\/section>\n\t\t\t\t<\/div>\n\t\t","protected":false},"excerpt":{"rendered":"<p>Formulario de reserva para Tour Selecciona Tour* EL HIERROLA PALMALA GOMERACULTUREATLANTICMAGICVOLCANO SURVOLCANO NORTE Nombre* Email* Tel\u00e9fono* Direcci\u00f3n de hotel* Fecha de nacimiento* Booking Date* Fecha de reserva N\u00famero de personas* Request reservation<\/p>","protected":false},"author":12,"featured_media":0,"parent":0,"menu_order":0,"comment_status":"closed","ping_status":"closed","template":"","meta":{"_joinchat":{"view":"yes"},"footnotes":""},"class_list":["post-414","page","type-page","status-publish","hentry"],"yoast_head":"<!-- This site is optimized with the Yoast SEO plugin v27.4 - https:\/\/yoast.com\/product\/yoast-seo-wordpress\/ -->\n<title>Formulario tours - Feel It<\/title>\n<meta name=\"robots\" content=\"index, follow, max-snippet:-1, max-image-preview:large, max-video-preview:-1\" \/>\n<link rel=\"canonical\" href=\"https:\/\/nice-ishizaka.93-95-208-88.plesk.page\/en\/reservar-tour\/\" \/>\n<meta property=\"og:locale\" content=\"en_GB\" \/>\n<meta property=\"og:type\" content=\"article\" \/>\n<meta property=\"og:title\" content=\"Formulario tours - Feel It\" \/>\n<meta property=\"og:description\" content=\"Formulario de reserva para Tour Selecciona Tour* EL HIERROLA PALMALA GOMERACULTUREATLANTICMAGICVOLCANO SURVOLCANO NORTE Nombre* Email* Tel\u00e9fono* Direcci\u00f3n de hotel* Fecha de nacimiento* Booking Date* Fecha de reserva N\u00famero de personas* Request reservation\" \/>\n<meta property=\"og:url\" content=\"https:\/\/nice-ishizaka.93-95-208-88.plesk.page\/en\/reservar-tour\/\" \/>\n<meta property=\"og:site_name\" content=\"Feel It\" \/>\n<meta property=\"article:publisher\" content=\"https:\/\/www.facebook.com\/people\/Feel-it-Canary-Islands-Motorcycles\/\" \/>\n<meta property=\"article:modified_time\" content=\"2025-03-03T16:59:17+00:00\" \/>\n<meta property=\"og:image\" content=\"https:\/\/nice-ishizaka.93-95-208-88.plesk.page\/wp-content\/uploads\/2022\/10\/Feel-the-tour.png\" \/>\n\t<meta property=\"og:image:width\" content=\"527\" \/>\n\t<meta property=\"og:image:height\" content=\"180\" \/>\n\t<meta property=\"og:image:type\" content=\"image\/png\" \/>\n<meta name=\"twitter:card\" content=\"summary_large_image\" \/>\n<meta name=\"twitter:label1\" content=\"Estimated reading time\" \/>\n\t<meta name=\"twitter:data1\" content=\"1 minute\" \/>\n<script type=\"application\/ld+json\" class=\"yoast-schema-graph\">{\"@context\":\"https:\\\/\\\/schema.org\",\"@graph\":[{\"@type\":\"WebPage\",\"@id\":\"https:\\\/\\\/nice-ishizaka.93-95-208-88.plesk.page\\\/reservar-tour\\\/\",\"url\":\"https:\\\/\\\/nice-ishizaka.93-95-208-88.plesk.page\\\/reservar-tour\\\/\",\"name\":\"Formulario tours - Feel It\",\"isPartOf\":{\"@id\":\"https:\\\/\\\/nice-ishizaka.93-95-208-88.plesk.page\\\/#website\"},\"primaryImageOfPage\":{\"@id\":\"https:\\\/\\\/nice-ishizaka.93-95-208-88.plesk.page\\\/reservar-tour\\\/#primaryimage\"},\"image\":{\"@id\":\"https:\\\/\\\/nice-ishizaka.93-95-208-88.plesk.page\\\/reservar-tour\\\/#primaryimage\"},\"thumbnailUrl\":\"https:\\\/\\\/nice-ishizaka.93-95-208-88.plesk.page\\\/wp-content\\\/uploads\\\/2022\\\/10\\\/Feel-the-tour.png\",\"datePublished\":\"2022-11-02T10:59:49+00:00\",\"dateModified\":\"2025-03-03T16:59:17+00:00\",\"breadcrumb\":{\"@id\":\"https:\\\/\\\/nice-ishizaka.93-95-208-88.plesk.page\\\/reservar-tour\\\/#breadcrumb\"},\"inLanguage\":\"en-GB\",\"potentialAction\":[{\"@type\":\"ReadAction\",\"target\":[\"https:\\\/\\\/nice-ishizaka.93-95-208-88.plesk.page\\\/reservar-tour\\\/\"]}]},{\"@type\":\"ImageObject\",\"inLanguage\":\"en-GB\",\"@id\":\"https:\\\/\\\/nice-ishizaka.93-95-208-88.plesk.page\\\/reservar-tour\\\/#primaryimage\",\"url\":\"https:\\\/\\\/nice-ishizaka.93-95-208-88.plesk.page\\\/wp-content\\\/uploads\\\/2022\\\/10\\\/Feel-the-tour.png\",\"contentUrl\":\"https:\\\/\\\/nice-ishizaka.93-95-208-88.plesk.page\\\/wp-content\\\/uploads\\\/2022\\\/10\\\/Feel-the-tour.png\"},{\"@type\":\"BreadcrumbList\",\"@id\":\"https:\\\/\\\/nice-ishizaka.93-95-208-88.plesk.page\\\/reservar-tour\\\/#breadcrumb\",\"itemListElement\":[{\"@type\":\"ListItem\",\"position\":1,\"name\":\"Portada\",\"item\":\"https:\\\/\\\/nice-ishizaka.93-95-208-88.plesk.page\\\/\"},{\"@type\":\"ListItem\",\"position\":2,\"name\":\"Formulario tours\"}]},{\"@type\":\"WebSite\",\"@id\":\"https:\\\/\\\/nice-ishizaka.93-95-208-88.plesk.page\\\/#website\",\"url\":\"https:\\\/\\\/nice-ishizaka.93-95-208-88.plesk.page\\\/\",\"name\":\"Feelit Motorcycles\",\"description\":\"Canary Islands Motorcycles\",\"publisher\":{\"@id\":\"https:\\\/\\\/nice-ishizaka.93-95-208-88.plesk.page\\\/#organization\"},\"potentialAction\":[{\"@type\":\"SearchAction\",\"target\":{\"@type\":\"EntryPoint\",\"urlTemplate\":\"https:\\\/\\\/nice-ishizaka.93-95-208-88.plesk.page\\\/?s={search_term_string}\"},\"query-input\":{\"@type\":\"PropertyValueSpecification\",\"valueRequired\":true,\"valueName\":\"search_term_string\"}}],\"inLanguage\":\"en-GB\"},{\"@type\":\"Organization\",\"@id\":\"https:\\\/\\\/nice-ishizaka.93-95-208-88.plesk.page\\\/#organization\",\"name\":\"Feelit Motorcycles\",\"url\":\"https:\\\/\\\/nice-ishizaka.93-95-208-88.plesk.page\\\/\",\"logo\":{\"@type\":\"ImageObject\",\"inLanguage\":\"en-GB\",\"@id\":\"https:\\\/\\\/nice-ishizaka.93-95-208-88.plesk.page\\\/#\\\/schema\\\/logo\\\/image\\\/\",\"url\":\"https:\\\/\\\/nice-ishizaka.93-95-208-88.plesk.page\\\/wp-content\\\/uploads\\\/2023\\\/03\\\/cropped-favicon.png\",\"contentUrl\":\"https:\\\/\\\/nice-ishizaka.93-95-208-88.plesk.page\\\/wp-content\\\/uploads\\\/2023\\\/03\\\/cropped-favicon.png\",\"width\":512,\"height\":512,\"caption\":\"Feelit Motorcycles\"},\"image\":{\"@id\":\"https:\\\/\\\/nice-ishizaka.93-95-208-88.plesk.page\\\/#\\\/schema\\\/logo\\\/image\\\/\"},\"sameAs\":[\"https:\\\/\\\/www.facebook.com\\\/people\\\/Feel-it-Canary-Islands-Motorcycles\\\/\",\"https:\\\/\\\/www.instagram.com\\\/feelit.motorcycles\\\/\"]}]}<\/script>\n<!-- \/ Yoast SEO plugin. -->","yoast_head_json":{"title":"Formulario tours - Feel It","robots":{"index":"index","follow":"follow","max-snippet":"max-snippet:-1","max-image-preview":"max-image-preview:large","max-video-preview":"max-video-preview:-1"},"canonical":"https:\/\/nice-ishizaka.93-95-208-88.plesk.page\/en\/reservar-tour\/","og_locale":"en_GB","og_type":"article","og_title":"Formulario tours - Feel It","og_description":"Formulario de reserva para Tour Selecciona Tour* EL HIERROLA PALMALA GOMERACULTUREATLANTICMAGICVOLCANO SURVOLCANO NORTE Nombre* Email* Tel\u00e9fono* Direcci\u00f3n de hotel* Fecha de nacimiento* Booking Date* Fecha de reserva N\u00famero de personas* Request reservation","og_url":"https:\/\/nice-ishizaka.93-95-208-88.plesk.page\/en\/reservar-tour\/","og_site_name":"Feel It","article_publisher":"https:\/\/www.facebook.com\/people\/Feel-it-Canary-Islands-Motorcycles\/","article_modified_time":"2025-03-03T16:59:17+00:00","og_image":[{"width":527,"height":180,"url":"https:\/\/nice-ishizaka.93-95-208-88.plesk.page\/wp-content\/uploads\/2022\/10\/Feel-the-tour.png","type":"image\/png"}],"twitter_card":"summary_large_image","twitter_misc":{"Estimated reading time":"1 minute"},"schema":{"@context":"https:\/\/schema.org","@graph":[{"@type":"WebPage","@id":"https:\/\/nice-ishizaka.93-95-208-88.plesk.page\/reservar-tour\/","url":"https:\/\/nice-ishizaka.93-95-208-88.plesk.page\/reservar-tour\/","name":"Formulario tours - Feel It","isPartOf":{"@id":"https:\/\/nice-ishizaka.93-95-208-88.plesk.page\/#website"},"primaryImageOfPage":{"@id":"https:\/\/nice-ishizaka.93-95-208-88.plesk.page\/reservar-tour\/#primaryimage"},"image":{"@id":"https:\/\/nice-ishizaka.93-95-208-88.plesk.page\/reservar-tour\/#primaryimage"},"thumbnailUrl":"https:\/\/nice-ishizaka.93-95-208-88.plesk.page\/wp-content\/uploads\/2022\/10\/Feel-the-tour.png","datePublished":"2022-11-02T10:59:49+00:00","dateModified":"2025-03-03T16:59:17+00:00","breadcrumb":{"@id":"https:\/\/nice-ishizaka.93-95-208-88.plesk.page\/reservar-tour\/#breadcrumb"},"inLanguage":"en-GB","potentialAction":[{"@type":"ReadAction","target":["https:\/\/nice-ishizaka.93-95-208-88.plesk.page\/reservar-tour\/"]}]},{"@type":"ImageObject","inLanguage":"en-GB","@id":"https:\/\/nice-ishizaka.93-95-208-88.plesk.page\/reservar-tour\/#primaryimage","url":"https:\/\/nice-ishizaka.93-95-208-88.plesk.page\/wp-content\/uploads\/2022\/10\/Feel-the-tour.png","contentUrl":"https:\/\/nice-ishizaka.93-95-208-88.plesk.page\/wp-content\/uploads\/2022\/10\/Feel-the-tour.png"},{"@type":"BreadcrumbList","@id":"https:\/\/nice-ishizaka.93-95-208-88.plesk.page\/reservar-tour\/#breadcrumb","itemListElement":[{"@type":"ListItem","position":1,"name":"Portada","item":"https:\/\/nice-ishizaka.93-95-208-88.plesk.page\/"},{"@type":"ListItem","position":2,"name":"Formulario tours"}]},{"@type":"WebSite","@id":"https:\/\/nice-ishizaka.93-95-208-88.plesk.page\/#website","url":"https:\/\/nice-ishizaka.93-95-208-88.plesk.page\/","name":"Feelit Motorcycles","description":"Canary Islands Motorcycles","publisher":{"@id":"https:\/\/nice-ishizaka.93-95-208-88.plesk.page\/#organization"},"potentialAction":[{"@type":"SearchAction","target":{"@type":"EntryPoint","urlTemplate":"https:\/\/nice-ishizaka.93-95-208-88.plesk.page\/?s={search_term_string}"},"query-input":{"@type":"PropertyValueSpecification","valueRequired":true,"valueName":"search_term_string"}}],"inLanguage":"en-GB"},{"@type":"Organization","@id":"https:\/\/nice-ishizaka.93-95-208-88.plesk.page\/#organization","name":"Feelit Motorcycles","url":"https:\/\/nice-ishizaka.93-95-208-88.plesk.page\/","logo":{"@type":"ImageObject","inLanguage":"en-GB","@id":"https:\/\/nice-ishizaka.93-95-208-88.plesk.page\/#\/schema\/logo\/image\/","url":"https:\/\/nice-ishizaka.93-95-208-88.plesk.page\/wp-content\/uploads\/2023\/03\/cropped-favicon.png","contentUrl":"https:\/\/nice-ishizaka.93-95-208-88.plesk.page\/wp-content\/uploads\/2023\/03\/cropped-favicon.png","width":512,"height":512,"caption":"Feelit Motorcycles"},"image":{"@id":"https:\/\/nice-ishizaka.93-95-208-88.plesk.page\/#\/schema\/logo\/image\/"},"sameAs":["https:\/\/www.facebook.com\/people\/Feel-it-Canary-Islands-Motorcycles\/","https:\/\/www.instagram.com\/feelit.motorcycles\/"]}]}},"_links":{"self":[{"href":"https:\/\/nice-ishizaka.93-95-208-88.plesk.page\/en\/wp-json\/wp\/v2\/pages\/414","targetHints":{"allow":["GET"]}}],"collection":[{"href":"https:\/\/nice-ishizaka.93-95-208-88.plesk.page\/en\/wp-json\/wp\/v2\/pages"}],"about":[{"href":"https:\/\/nice-ishizaka.93-95-208-88.plesk.page\/en\/wp-json\/wp\/v2\/types\/page"}],"author":[{"embeddable":true,"href":"https:\/\/nice-ishizaka.93-95-208-88.plesk.page\/en\/wp-json\/wp\/v2\/users\/12"}],"replies":[{"embeddable":true,"href":"https:\/\/nice-ishizaka.93-95-208-88.plesk.page\/en\/wp-json\/wp\/v2\/comments?post=414"}],"version-history":[{"count":84,"href":"https:\/\/nice-ishizaka.93-95-208-88.plesk.page\/en\/wp-json\/wp\/v2\/pages\/414\/revisions"}],"predecessor-version":[{"id":3869,"href":"https:\/\/nice-ishizaka.93-95-208-88.plesk.page\/en\/wp-json\/wp\/v2\/pages\/414\/revisions\/3869"}],"wp:attachment":[{"href":"https:\/\/nice-ishizaka.93-95-208-88.plesk.page\/en\/wp-json\/wp\/v2\/media?parent=414"}],"curies":[{"name":"wp","href":"https:\/\/api.w.org\/{rel}","templated":true}]}}